{"id":1775,"date":"2024-05-10T14:49:40","date_gmt":"2024-05-10T11:49:40","guid":{"rendered":"https:\/\/abg13517.testdev.mozaik.com\/partners\/"},"modified":"2024-09-16T14:21:40","modified_gmt":"2024-09-16T11:21:40","slug":"services","status":"publish","type":"page","link":"https:\/\/abg13517.testdev.mozaik.com\/fr\/services\/","title":{"rendered":"Services"},"content":{"rendered":"","protected":false},"excerpt":{"rendered":"","protected":false},"author":1,"featured_media":0,"parent":0,"menu_order":0,"comment_status":"closed","ping_status":"closed","template":"templates\/pagebuilder.php","meta":{"_acf_changed":false,"footnotes":""},"class_list":["post-1775","page","type-page","status-publish","hentry"],"acf":[],"yoast_head":"<!-- This site is optimized with the Yoast SEO plugin v23.6 - https:\/\/yoast.com\/wordpress\/plugins\/seo\/ -->\n<title>Services | Abigail Nahon<\/title>\n<meta name=\"description\" content=\"Joseph Bureau de style offre des services d&#039;experts en gestion de projets cr\u00e9atifs, en casting, en stylisme, en conception de d\u00e9cors et en soutien \u00e0 la production pour des prises de vue photo et vid\u00e9o impeccables.\" \/>\n<meta name=\"robots\" content=\"noindex, follow, max-snippet:-1, max-image-preview:large, max-video-preview:-1\" \/>\n<meta property=\"og:locale\" content=\"fr_FR\" \/>\n<meta property=\"og:type\" content=\"article\" \/>\n<meta property=\"og:title\" content=\"Services | Abigail Nahon\" \/>\n<meta property=\"og:description\" content=\"Joseph Bureau de style offre des services d&#039;experts en gestion de projets cr\u00e9atifs, en casting, en stylisme, en conception de d\u00e9cors et en soutien \u00e0 la production pour des prises de vue photo et vid\u00e9o impeccables.\" \/>\n<meta property=\"og:url\" content=\"https:\/\/abg13517.testdev.mozaik.com\/fr\/services\/\" \/>\n<meta property=\"og:site_name\" content=\"abg13517\" \/>\n<meta property=\"article:modified_time\" content=\"2024-09-16T11:21:40+00:00\" \/>\n<meta property=\"og:image\" content=\"https:\/\/abg13517.testdev.mozaik.com\/wp-content\/uploads\/2024\/06\/bodrum_ggardette_july23_hd-17.jpg\" \/>\n\t<meta property=\"og:image:width\" content=\"1200\" \/>\n\t<meta property=\"og:image:height\" content=\"675\" \/>\n\t<meta property=\"og:image:type\" content=\"image\/jpeg\" \/>\n<meta name=\"twitter:card\" content=\"summary_large_image\" \/>\n<script type=\"application\/ld+json\" class=\"yoast-schema-graph\">{\"@context\":\"https:\/\/schema.org\",\"@graph\":[{\"@type\":\"WebPage\",\"@id\":\"https:\/\/abg13517.testdev.mozaik.com\/fr\/services\/\",\"url\":\"https:\/\/abg13517.testdev.mozaik.com\/fr\/services\/\",\"name\":\"Services | Abigail Nahon\",\"isPartOf\":{\"@id\":\"https:\/\/abg13517.testdev.mozaik.com\/#website\"},\"datePublished\":\"2024-05-10T11:49:40+00:00\",\"dateModified\":\"2024-09-16T11:21:40+00:00\",\"description\":\"Joseph Bureau de style offre des services d'experts en gestion de projets cr\u00e9atifs, en casting, en stylisme, en conception de d\u00e9cors et en soutien \u00e0 la production pour des prises de vue photo et vid\u00e9o impeccables.\",\"breadcrumb\":{\"@id\":\"https:\/\/abg13517.testdev.mozaik.com\/fr\/services\/#breadcrumb\"},\"inLanguage\":\"fr-FR\",\"potentialAction\":[{\"@type\":\"ReadAction\",\"target\":[\"https:\/\/abg13517.testdev.mozaik.com\/fr\/services\/\"]}]},{\"@type\":\"BreadcrumbList\",\"@id\":\"https:\/\/abg13517.testdev.mozaik.com\/fr\/services\/#breadcrumb\",\"itemListElement\":[{\"@type\":\"ListItem\",\"position\":1,\"name\":\"Home\",\"item\":\"https:\/\/abg13517.testdev.mozaik.com\/fr\/\"},{\"@type\":\"ListItem\",\"position\":2,\"name\":\"Services\"}]},{\"@type\":\"WebSite\",\"@id\":\"https:\/\/abg13517.testdev.mozaik.com\/#website\",\"url\":\"https:\/\/abg13517.testdev.mozaik.com\/\",\"name\":\"Abigail Nahon\",\"description\":\"\",\"potentialAction\":[{\"@type\":\"SearchAction\",\"target\":{\"@type\":\"EntryPoint\",\"urlTemplate\":\"https:\/\/abg13517.testdev.mozaik.com\/?s={search_term_string}\"},\"query-input\":{\"@type\":\"PropertyValueSpecification\",\"valueRequired\":true,\"valueName\":\"search_term_string\"}}],\"inLanguage\":\"fr-FR\"}]}<\/script>\n<!-- \/ Yoast SEO plugin. -->","yoast_head_json":{"title":"Services | Abigail Nahon","description":"Joseph Bureau de style offre des services d'experts en gestion de projets cr\u00e9atifs, en casting, en stylisme, en conception de d\u00e9cors et en soutien \u00e0 la production pour des prises de vue photo et vid\u00e9o impeccables.","robots":{"index":"noindex","follow":"follow","max-snippet":"max-snippet:-1","max-image-preview":"max-image-preview:large","max-video-preview":"max-video-preview:-1"},"og_locale":"fr_FR","og_type":"article","og_title":"Services | Abigail Nahon","og_description":"Joseph Bureau de style offre des services d'experts en gestion de projets cr\u00e9atifs, en casting, en stylisme, en conception de d\u00e9cors et en soutien \u00e0 la production pour des prises de vue photo et vid\u00e9o impeccables.","og_url":"https:\/\/abg13517.testdev.mozaik.com\/fr\/services\/","og_site_name":"abg13517","article_modified_time":"2024-09-16T11:21:40+00:00","og_image":[{"width":1200,"height":675,"url":"https:\/\/abg13517.testdev.mozaik.com\/wp-content\/uploads\/2024\/06\/bodrum_ggardette_july23_hd-17.jpg","type":"image\/jpeg"}],"twitter_card":"summary_large_image","schema":{"@context":"https:\/\/schema.org","@graph":[{"@type":"WebPage","@id":"https:\/\/abg13517.testdev.mozaik.com\/fr\/services\/","url":"https:\/\/abg13517.testdev.mozaik.com\/fr\/services\/","name":"Services | Abigail Nahon","isPartOf":{"@id":"https:\/\/abg13517.testdev.mozaik.com\/#website"},"datePublished":"2024-05-10T11:49:40+00:00","dateModified":"2024-09-16T11:21:40+00:00","description":"Joseph Bureau de style offre des services d'experts en gestion de projets cr\u00e9atifs, en casting, en stylisme, en conception de d\u00e9cors et en soutien \u00e0 la production pour des prises de vue photo et vid\u00e9o impeccables.","breadcrumb":{"@id":"https:\/\/abg13517.testdev.mozaik.com\/fr\/services\/#breadcrumb"},"inLanguage":"fr-FR","potentialAction":[{"@type":"ReadAction","target":["https:\/\/abg13517.testdev.mozaik.com\/fr\/services\/"]}]},{"@type":"BreadcrumbList","@id":"https:\/\/abg13517.testdev.mozaik.com\/fr\/services\/#breadcrumb","itemListElement":[{"@type":"ListItem","position":1,"name":"Home","item":"https:\/\/abg13517.testdev.mozaik.com\/fr\/"},{"@type":"ListItem","position":2,"name":"Services"}]},{"@type":"WebSite","@id":"https:\/\/abg13517.testdev.mozaik.com\/#website","url":"https:\/\/abg13517.testdev.mozaik.com\/","name":"Abigail Nahon","description":"","potentialAction":[{"@type":"SearchAction","target":{"@type":"EntryPoint","urlTemplate":"https:\/\/abg13517.testdev.mozaik.com\/?s={search_term_string}"},"query-input":{"@type":"PropertyValueSpecification","valueRequired":true,"valueName":"search_term_string"}}],"inLanguage":"fr-FR"}]}},"_links":{"self":[{"href":"https:\/\/abg13517.testdev.mozaik.com\/fr\/wp-json\/wp\/v2\/pages\/1775"}],"collection":[{"href":"https:\/\/abg13517.testdev.mozaik.com\/fr\/wp-json\/wp\/v2\/pages"}],"about":[{"href":"https:\/\/abg13517.testdev.mozaik.com\/fr\/wp-json\/wp\/v2\/types\/page"}],"author":[{"embeddable":true,"href":"https:\/\/abg13517.testdev.mozaik.com\/fr\/wp-json\/wp\/v2\/users\/1"}],"replies":[{"embeddable":true,"href":"https:\/\/abg13517.testdev.mozaik.com\/fr\/wp-json\/wp\/v2\/comments?post=1775"}],"version-history":[{"count":5,"href":"https:\/\/abg13517.testdev.mozaik.com\/fr\/wp-json\/wp\/v2\/pages\/1775\/revisions"}],"predecessor-version":[{"id":2201,"href":"https:\/\/abg13517.testdev.mozaik.com\/fr\/wp-json\/wp\/v2\/pages\/1775\/revisions\/2201"}],"wp:attachment":[{"href":"https:\/\/abg13517.testdev.mozaik.com\/fr\/wp-json\/wp\/v2\/media?parent=1775"}],"curies":[{"name":"wp","href":"https:\/\/api.w.org\/{rel}","templated":true}]}}