{"id":1771,"date":"2024-05-15T16:17:51","date_gmt":"2024-05-15T13:17:51","guid":{"rendered":"https:\/\/abg13517.testdev.mozaik.com\/news\/"},"modified":"2024-09-16T14:24:13","modified_gmt":"2024-09-16T11:24:13","slug":"news","status":"publish","type":"page","link":"https:\/\/abg13517.testdev.mozaik.com\/fr\/news\/","title":{"rendered":"News"},"content":{"rendered":"","protected":false},"excerpt":{"rendered":"","protected":false},"author":1,"featured_media":0,"parent":0,"menu_order":0,"comment_status":"closed","ping_status":"closed","template":"templates\/template-news.php","meta":{"_acf_changed":false,"footnotes":""},"class_list":["post-1771","page","type-page","status-publish","hentry"],"acf":[],"yoast_head":"<!-- This site is optimized with the Yoast SEO plugin v23.6 - https:\/\/yoast.com\/wordpress\/plugins\/seo\/ -->\n<title>News | Abigail Nahon<\/title>\n<meta name=\"description\" content=\"Restez inform\u00e9 des derni\u00e8res nouvelles, des \u00e9v\u00e9nements et des id\u00e9es d&#039;Abigail Nahon. Explorez les articles sur le style de vie luxueux, les mises \u00e0 jour des marques et la direction cr\u00e9ative, offrant un aper\u00e7u de l&#039;\u00e9volution de ses projets et des tendances de l&#039;industrie.\" \/>\n<meta name=\"robots\" content=\"noindex, nofollow\" \/>\n<meta property=\"og:locale\" content=\"fr_FR\" \/>\n<meta property=\"og:type\" content=\"article\" \/>\n<meta property=\"og:title\" content=\"News | Abigail Nahon\" \/>\n<meta property=\"og:description\" content=\"Restez inform\u00e9 des derni\u00e8res nouvelles, des \u00e9v\u00e9nements et des id\u00e9es d&#039;Abigail Nahon. Explorez les articles sur le style de vie luxueux, les mises \u00e0 jour des marques et la direction cr\u00e9ative, offrant un aper\u00e7u de l&#039;\u00e9volution de ses projets et des tendances de l&#039;industrie.\" \/>\n<meta property=\"og:url\" content=\"https:\/\/abg13517.testdev.mozaik.com\/fr\/news\/\" \/>\n<meta property=\"og:site_name\" content=\"abg13517\" \/>\n<meta property=\"article:modified_time\" content=\"2024-09-16T11:24:13+00:00\" \/>\n<meta property=\"og:image\" content=\"https:\/\/abg13517.testdev.mozaik.com\/wp-content\/uploads\/2024\/06\/bodrum_ggardette_july23_hd-17.jpg\" \/>\n\t<meta property=\"og:image:width\" content=\"1200\" \/>\n\t<meta property=\"og:image:height\" content=\"675\" \/>\n\t<meta property=\"og:image:type\" content=\"image\/jpeg\" \/>\n<meta name=\"twitter:card\" content=\"summary_large_image\" \/>\n<script type=\"application\/ld+json\" class=\"yoast-schema-graph\">{\"@context\":\"https:\/\/schema.org\",\"@graph\":[{\"@type\":\"WebPage\",\"@id\":\"https:\/\/abg13517.testdev.mozaik.com\/fr\/news\/\",\"url\":\"https:\/\/abg13517.testdev.mozaik.com\/fr\/news\/\",\"name\":\"News | Abigail Nahon\",\"isPartOf\":{\"@id\":\"https:\/\/abg13517.testdev.mozaik.com\/#website\"},\"datePublished\":\"2024-05-15T13:17:51+00:00\",\"dateModified\":\"2024-09-16T11:24:13+00:00\",\"description\":\"Restez inform\u00e9 des derni\u00e8res nouvelles, des \u00e9v\u00e9nements et des id\u00e9es d'Abigail Nahon. Explorez les articles sur le style de vie luxueux, les mises \u00e0 jour des marques et la direction cr\u00e9ative, offrant un aper\u00e7u de l'\u00e9volution de ses projets et des tendances de l'industrie.\",\"breadcrumb\":{\"@id\":\"https:\/\/abg13517.testdev.mozaik.com\/fr\/news\/#breadcrumb\"},\"inLanguage\":\"fr-FR\",\"potentialAction\":[{\"@type\":\"ReadAction\",\"target\":[\"https:\/\/abg13517.testdev.mozaik.com\/fr\/news\/\"]}]},{\"@type\":\"BreadcrumbList\",\"@id\":\"https:\/\/abg13517.testdev.mozaik.com\/fr\/news\/#breadcrumb\",\"itemListElement\":[{\"@type\":\"ListItem\",\"position\":1,\"name\":\"Home\",\"item\":\"https:\/\/abg13517.testdev.mozaik.com\/fr\/\"},{\"@type\":\"ListItem\",\"position\":2,\"name\":\"News\"}]},{\"@type\":\"WebSite\",\"@id\":\"https:\/\/abg13517.testdev.mozaik.com\/#website\",\"url\":\"https:\/\/abg13517.testdev.mozaik.com\/\",\"name\":\"Abigail Nahon\",\"description\":\"\",\"potentialAction\":[{\"@type\":\"SearchAction\",\"target\":{\"@type\":\"EntryPoint\",\"urlTemplate\":\"https:\/\/abg13517.testdev.mozaik.com\/?s={search_term_string}\"},\"query-input\":{\"@type\":\"PropertyValueSpecification\",\"valueRequired\":true,\"valueName\":\"search_term_string\"}}],\"inLanguage\":\"fr-FR\"}]}<\/script>\n<!-- \/ Yoast SEO plugin. -->","yoast_head_json":{"title":"News | Abigail Nahon","description":"Restez inform\u00e9 des derni\u00e8res nouvelles, des \u00e9v\u00e9nements et des id\u00e9es d'Abigail Nahon. Explorez les articles sur le style de vie luxueux, les mises \u00e0 jour des marques et la direction cr\u00e9ative, offrant un aper\u00e7u de l'\u00e9volution de ses projets et des tendances de l'industrie.","robots":{"index":"noindex","follow":"nofollow"},"og_locale":"fr_FR","og_type":"article","og_title":"News | Abigail Nahon","og_description":"Restez inform\u00e9 des derni\u00e8res nouvelles, des \u00e9v\u00e9nements et des id\u00e9es d'Abigail Nahon. Explorez les articles sur le style de vie luxueux, les mises \u00e0 jour des marques et la direction cr\u00e9ative, offrant un aper\u00e7u de l'\u00e9volution de ses projets et des tendances de l'industrie.","og_url":"https:\/\/abg13517.testdev.mozaik.com\/fr\/news\/","og_site_name":"abg13517","article_modified_time":"2024-09-16T11:24:13+00:00","og_image":[{"width":1200,"height":675,"url":"https:\/\/abg13517.testdev.mozaik.com\/wp-content\/uploads\/2024\/06\/bodrum_ggardette_july23_hd-17.jpg","type":"image\/jpeg"}],"twitter_card":"summary_large_image","schema":{"@context":"https:\/\/schema.org","@graph":[{"@type":"WebPage","@id":"https:\/\/abg13517.testdev.mozaik.com\/fr\/news\/","url":"https:\/\/abg13517.testdev.mozaik.com\/fr\/news\/","name":"News | Abigail Nahon","isPartOf":{"@id":"https:\/\/abg13517.testdev.mozaik.com\/#website"},"datePublished":"2024-05-15T13:17:51+00:00","dateModified":"2024-09-16T11:24:13+00:00","description":"Restez inform\u00e9 des derni\u00e8res nouvelles, des \u00e9v\u00e9nements et des id\u00e9es d'Abigail Nahon. Explorez les articles sur le style de vie luxueux, les mises \u00e0 jour des marques et la direction cr\u00e9ative, offrant un aper\u00e7u de l'\u00e9volution de ses projets et des tendances de l'industrie.","breadcrumb":{"@id":"https:\/\/abg13517.testdev.mozaik.com\/fr\/news\/#breadcrumb"},"inLanguage":"fr-FR","potentialAction":[{"@type":"ReadAction","target":["https:\/\/abg13517.testdev.mozaik.com\/fr\/news\/"]}]},{"@type":"BreadcrumbList","@id":"https:\/\/abg13517.testdev.mozaik.com\/fr\/news\/#breadcrumb","itemListElement":[{"@type":"ListItem","position":1,"name":"Home","item":"https:\/\/abg13517.testdev.mozaik.com\/fr\/"},{"@type":"ListItem","position":2,"name":"News"}]},{"@type":"WebSite","@id":"https:\/\/abg13517.testdev.mozaik.com\/#website","url":"https:\/\/abg13517.testdev.mozaik.com\/","name":"Abigail Nahon","description":"","potentialAction":[{"@type":"SearchAction","target":{"@type":"EntryPoint","urlTemplate":"https:\/\/abg13517.testdev.mozaik.com\/?s={search_term_string}"},"query-input":{"@type":"PropertyValueSpecification","valueRequired":true,"valueName":"search_term_string"}}],"inLanguage":"fr-FR"}]}},"_links":{"self":[{"href":"https:\/\/abg13517.testdev.mozaik.com\/fr\/wp-json\/wp\/v2\/pages\/1771"}],"collection":[{"href":"https:\/\/abg13517.testdev.mozaik.com\/fr\/wp-json\/wp\/v2\/pages"}],"about":[{"href":"https:\/\/abg13517.testdev.mozaik.com\/fr\/wp-json\/wp\/v2\/types\/page"}],"author":[{"embeddable":true,"href":"https:\/\/abg13517.testdev.mozaik.com\/fr\/wp-json\/wp\/v2\/users\/1"}],"replies":[{"embeddable":true,"href":"https:\/\/abg13517.testdev.mozaik.com\/fr\/wp-json\/wp\/v2\/comments?post=1771"}],"version-history":[{"count":3,"href":"https:\/\/abg13517.testdev.mozaik.com\/fr\/wp-json\/wp\/v2\/pages\/1771\/revisions"}],"predecessor-version":[{"id":2208,"href":"https:\/\/abg13517.testdev.mozaik.com\/fr\/wp-json\/wp\/v2\/pages\/1771\/revisions\/2208"}],"wp:attachment":[{"href":"https:\/\/abg13517.testdev.mozaik.com\/fr\/wp-json\/wp\/v2\/media?parent=1771"}],"curies":[{"name":"wp","href":"https:\/\/api.w.org\/{rel}","templated":true}]}}