{"id":1768,"date":"2024-06-04T10:38:38","date_gmt":"2024-06-04T07:38:38","guid":{"rendered":"https:\/\/abg13517.testdev.mozaik.com\/luxury-attitude-1\/victoria-jungfrau\/"},"modified":"2024-09-16T15:18:46","modified_gmt":"2024-09-16T12:18:46","slug":"kids-club-victoria-jungfrau-interlaken","status":"publish","type":"page","link":"https:\/\/abg13517.testdev.mozaik.com\/fr\/luxury-attitude\/kids-club-victoria-jungfrau-interlaken\/","title":{"rendered":"Victoria Jungfrau"},"content":{"rendered":"","protected":false},"excerpt":{"rendered":"","protected":false},"author":1,"featured_media":0,"parent":1181,"menu_order":0,"comment_status":"closed","ping_status":"closed","template":"templates\/pagebuilder.php","meta":{"_acf_changed":false,"footnotes":""},"class_list":["post-1768","page","type-page","status-publish","hentry"],"acf":[],"yoast_head":"<!-- This site is optimized with the Yoast SEO plugin v23.6 - https:\/\/yoast.com\/wordpress\/plugins\/seo\/ -->\n<title>Casting, Stylisme et Set Design - Kids Club H\u00f4tel Victoria Jungfrau<\/title>\n<meta name=\"description\" content=\"R\u00e9alisation du stylisme et set design pour le Kids Club &#039;Bienehuus&#039;, un espace d\u00e9di\u00e9 aux enfants pour explorer, apprendre et s&#039;amuser\" \/>\n<meta name=\"robots\" content=\"noindex, follow, max-snippet:-1, max-image-preview:large, max-video-preview:-1\" \/>\n<meta property=\"og:locale\" content=\"fr_FR\" \/>\n<meta property=\"og:type\" content=\"article\" \/>\n<meta property=\"og:title\" content=\"Casting, Stylisme et Set Design - Kids Club H\u00f4tel Victoria Jungfrau\" \/>\n<meta property=\"og:description\" content=\"R\u00e9alisation du stylisme et set design pour le Kids Club &#039;Bienehuus&#039;, un espace d\u00e9di\u00e9 aux enfants pour explorer, apprendre et s&#039;amuser\" \/>\n<meta property=\"og:url\" content=\"https:\/\/abg13517.testdev.mozaik.com\/fr\/luxury-attitude\/kids-club-victoria-jungfrau-interlaken\/\" \/>\n<meta property=\"og:site_name\" content=\"abg13517\" \/>\n<meta property=\"article:modified_time\" content=\"2024-09-16T12:18:46+00:00\" \/>\n<meta property=\"og:image\" content=\"https:\/\/abg13517.testdev.mozaik.com\/wp-content\/uploads\/2024\/06\/bodrum_ggardette_july23_hd-17.jpg\" \/>\n\t<meta property=\"og:image:width\" content=\"1200\" \/>\n\t<meta property=\"og:image:height\" content=\"675\" \/>\n\t<meta property=\"og:image:type\" content=\"image\/jpeg\" \/>\n<meta name=\"twitter:card\" content=\"summary_large_image\" \/>\n<script type=\"application\/ld+json\" class=\"yoast-schema-graph\">{\"@context\":\"https:\/\/schema.org\",\"@graph\":[{\"@type\":\"WebPage\",\"@id\":\"https:\/\/abg13517.testdev.mozaik.com\/fr\/luxury-attitude\/kids-club-victoria-jungfrau-interlaken\/\",\"url\":\"https:\/\/abg13517.testdev.mozaik.com\/fr\/luxury-attitude\/kids-club-victoria-jungfrau-interlaken\/\",\"name\":\"Casting, Stylisme et Set Design - Kids Club H\u00f4tel Victoria Jungfrau\",\"isPartOf\":{\"@id\":\"https:\/\/abg13517.testdev.mozaik.com\/#website\"},\"datePublished\":\"2024-06-04T07:38:38+00:00\",\"dateModified\":\"2024-09-16T12:18:46+00:00\",\"description\":\"R\u00e9alisation du stylisme et set design pour le Kids Club 'Bienehuus', un espace d\u00e9di\u00e9 aux enfants pour explorer, apprendre et s'amuser\",\"breadcrumb\":{\"@id\":\"https:\/\/abg13517.testdev.mozaik.com\/fr\/luxury-attitude\/kids-club-victoria-jungfrau-interlaken\/#breadcrumb\"},\"inLanguage\":\"fr-FR\",\"potentialAction\":[{\"@type\":\"ReadAction\",\"target\":[\"https:\/\/abg13517.testdev.mozaik.com\/fr\/luxury-attitude\/kids-club-victoria-jungfrau-interlaken\/\"]}]},{\"@type\":\"BreadcrumbList\",\"@id\":\"https:\/\/abg13517.testdev.mozaik.com\/fr\/luxury-attitude\/kids-club-victoria-jungfrau-interlaken\/#breadcrumb\",\"itemListElement\":[{\"@type\":\"ListItem\",\"position\":1,\"name\":\"Home\",\"item\":\"https:\/\/abg13517.testdev.mozaik.com\/fr\/\"},{\"@type\":\"ListItem\",\"position\":2,\"name\":\"Luxury Attitude\",\"item\":\"https:\/\/abg13517.testdev.mozaik.com\/fr\/luxury-attitude\/\"},{\"@type\":\"ListItem\",\"position\":3,\"name\":\"Victoria Jungfrau\"}]},{\"@type\":\"WebSite\",\"@id\":\"https:\/\/abg13517.testdev.mozaik.com\/#website\",\"url\":\"https:\/\/abg13517.testdev.mozaik.com\/\",\"name\":\"Abigail Nahon\",\"description\":\"\",\"potentialAction\":[{\"@type\":\"SearchAction\",\"target\":{\"@type\":\"EntryPoint\",\"urlTemplate\":\"https:\/\/abg13517.testdev.mozaik.com\/?s={search_term_string}\"},\"query-input\":{\"@type\":\"PropertyValueSpecification\",\"valueRequired\":true,\"valueName\":\"search_term_string\"}}],\"inLanguage\":\"fr-FR\"}]}<\/script>\n<!-- \/ Yoast SEO plugin. -->","yoast_head_json":{"title":"Casting, Stylisme et Set Design - Kids Club H\u00f4tel Victoria Jungfrau","description":"R\u00e9alisation du stylisme et set design pour le Kids Club 'Bienehuus', un espace d\u00e9di\u00e9 aux enfants pour explorer, apprendre et s'amuser","robots":{"index":"noindex","follow":"follow","max-snippet":"max-snippet:-1","max-image-preview":"max-image-preview:large","max-video-preview":"max-video-preview:-1"},"og_locale":"fr_FR","og_type":"article","og_title":"Casting, Stylisme et Set Design - Kids Club H\u00f4tel Victoria Jungfrau","og_description":"R\u00e9alisation du stylisme et set design pour le Kids Club 'Bienehuus', un espace d\u00e9di\u00e9 aux enfants pour explorer, apprendre et s'amuser","og_url":"https:\/\/abg13517.testdev.mozaik.com\/fr\/luxury-attitude\/kids-club-victoria-jungfrau-interlaken\/","og_site_name":"abg13517","article_modified_time":"2024-09-16T12:18:46+00:00","og_image":[{"width":1200,"height":675,"url":"https:\/\/abg13517.testdev.mozaik.com\/wp-content\/uploads\/2024\/06\/bodrum_ggardette_july23_hd-17.jpg","type":"image\/jpeg"}],"twitter_card":"summary_large_image","schema":{"@context":"https:\/\/schema.org","@graph":[{"@type":"WebPage","@id":"https:\/\/abg13517.testdev.mozaik.com\/fr\/luxury-attitude\/kids-club-victoria-jungfrau-interlaken\/","url":"https:\/\/abg13517.testdev.mozaik.com\/fr\/luxury-attitude\/kids-club-victoria-jungfrau-interlaken\/","name":"Casting, Stylisme et Set Design - Kids Club H\u00f4tel Victoria Jungfrau","isPartOf":{"@id":"https:\/\/abg13517.testdev.mozaik.com\/#website"},"datePublished":"2024-06-04T07:38:38+00:00","dateModified":"2024-09-16T12:18:46+00:00","description":"R\u00e9alisation du stylisme et set design pour le Kids Club 'Bienehuus', un espace d\u00e9di\u00e9 aux enfants pour explorer, apprendre et s'amuser","breadcrumb":{"@id":"https:\/\/abg13517.testdev.mozaik.com\/fr\/luxury-attitude\/kids-club-victoria-jungfrau-interlaken\/#breadcrumb"},"inLanguage":"fr-FR","potentialAction":[{"@type":"ReadAction","target":["https:\/\/abg13517.testdev.mozaik.com\/fr\/luxury-attitude\/kids-club-victoria-jungfrau-interlaken\/"]}]},{"@type":"BreadcrumbList","@id":"https:\/\/abg13517.testdev.mozaik.com\/fr\/luxury-attitude\/kids-club-victoria-jungfrau-interlaken\/#breadcrumb","itemListElement":[{"@type":"ListItem","position":1,"name":"Home","item":"https:\/\/abg13517.testdev.mozaik.com\/fr\/"},{"@type":"ListItem","position":2,"name":"Luxury Attitude","item":"https:\/\/abg13517.testdev.mozaik.com\/fr\/luxury-attitude\/"},{"@type":"ListItem","position":3,"name":"Victoria Jungfrau"}]},{"@type":"WebSite","@id":"https:\/\/abg13517.testdev.mozaik.com\/#website","url":"https:\/\/abg13517.testdev.mozaik.com\/","name":"Abigail Nahon","description":"","potentialAction":[{"@type":"SearchAction","target":{"@type":"EntryPoint","urlTemplate":"https:\/\/abg13517.testdev.mozaik.com\/?s={search_term_string}"},"query-input":{"@type":"PropertyValueSpecification","valueRequired":true,"valueName":"search_term_string"}}],"inLanguage":"fr-FR"}]}},"_links":{"self":[{"href":"https:\/\/abg13517.testdev.mozaik.com\/fr\/wp-json\/wp\/v2\/pages\/1768"}],"collection":[{"href":"https:\/\/abg13517.testdev.mozaik.com\/fr\/wp-json\/wp\/v2\/pages"}],"about":[{"href":"https:\/\/abg13517.testdev.mozaik.com\/fr\/wp-json\/wp\/v2\/types\/page"}],"author":[{"embeddable":true,"href":"https:\/\/abg13517.testdev.mozaik.com\/fr\/wp-json\/wp\/v2\/users\/1"}],"replies":[{"embeddable":true,"href":"https:\/\/abg13517.testdev.mozaik.com\/fr\/wp-json\/wp\/v2\/comments?post=1768"}],"version-history":[{"count":5,"href":"https:\/\/abg13517.testdev.mozaik.com\/fr\/wp-json\/wp\/v2\/pages\/1768\/revisions"}],"predecessor-version":[{"id":2225,"href":"https:\/\/abg13517.testdev.mozaik.com\/fr\/wp-json\/wp\/v2\/pages\/1768\/revisions\/2225"}],"up":[{"embeddable":true,"href":"https:\/\/abg13517.testdev.mozaik.com\/fr\/wp-json\/wp\/v2\/pages\/1181"}],"wp:attachment":[{"href":"https:\/\/abg13517.testdev.mozaik.com\/fr\/wp-json\/wp\/v2\/media?parent=1768"}],"curies":[{"name":"wp","href":"https:\/\/api.w.org\/{rel}","templated":true}]}}